{"id":47,"date":"2023-05-19T11:01:08","date_gmt":"2023-05-19T09:01:08","guid":{"rendered":"https:\/\/www.ameliore-toit.fr\/?page_id=47"},"modified":"2023-05-26T14:56:35","modified_gmt":"2023-05-26T12:56:35","slug":"qui-suis-je","status":"publish","type":"page","link":"https:\/\/www.ameliore-toit.fr\/index.php\/qui-suis-je\/","title":{"rendered":"Qui suis-je ?"},"content":{"rendered":"\n<p>AMELIORE TOIT est une soci\u00e9t\u00e9 proche de ses clients et porteuse d\u2019\u00e9thique. Elle tient \u00e0&nbsp;:<\/p>\n\n\n\n<ul class=\"wp-block-list\">\n<li>Prouver que le d\u00e9veloppement durable n\u2019a de sens que s\u2019il est accessible au plus grand nombre<\/li>\n\n\n\n<li>S\u2019imposer l\u2019excellence comme standard<\/li>\n\n\n\n<li>Maitriser, partager et faire perdurer des savoir-faire en\n<ul class=\"wp-block-list\">\n<li>Construction (dessins, couverture zinguerie, isolation de comble, int\u00e9gration architecturale)<\/li>\n\n\n\n<li>Installations solaires (production d\u2019\u00e9lectricit\u00e9, de chaleur)<\/li>\n\n\n\n<li>Gestion de l\u2019eau (collecte, pompage, stockage et traitement des eaux)<\/li>\n<\/ul>\n<\/li>\n\n\n\n<li>Pr\u00e9venir les risques d\u2019accidents li\u00e9s aux travaux en hauteur et au voisinage de conducteurs \u00e9lectriques sous tension<\/li>\n<\/ul>\n\n\n\n<figure class=\"wp-block-image size-large\"><img loading=\"lazy\" decoding=\"async\" width=\"1024\" height=\"1024\" src=\"http:\/\/www.ameliore-toit.fr\/wp-content\/uploads\/2023\/05\/logo-detoure-2-1024x1024.png\" alt=\"\" class=\"wp-image-63\" srcset=\"https:\/\/www.ameliore-toit.fr\/wp-content\/uploads\/2023\/05\/logo-detoure-2-1024x1024.png 1024w, https:\/\/www.ameliore-toit.fr\/wp-content\/uploads\/2023\/05\/logo-detoure-2-300x300.png 300w, https:\/\/www.ameliore-toit.fr\/wp-content\/uploads\/2023\/05\/logo-detoure-2-150x150.png 150w, https:\/\/www.ameliore-toit.fr\/wp-content\/uploads\/2023\/05\/logo-detoure-2-768x768.png 768w, https:\/\/www.ameliore-toit.fr\/wp-content\/uploads\/2023\/05\/logo-detoure-2-1536x1536.png 1536w, https:\/\/www.ameliore-toit.fr\/wp-content\/uploads\/2023\/05\/logo-detoure-2-2048x2048.png 2048w, https:\/\/www.ameliore-toit.fr\/wp-content\/uploads\/2023\/05\/logo-detoure-2-1200x1200.png 1200w, https:\/\/www.ameliore-toit.fr\/wp-content\/uploads\/2023\/05\/logo-detoure-2-1980x1980.png 1980w\" sizes=\"auto, (max-width: 1024px) 100vw, 1024px\" \/><\/figure>\n\n\n\n<p>Pr\u00e9sident fondateur de la soci\u00e9t\u00e9 AMELIORE TOIT, je dispose de nombreuses qualifications et r\u00e9f\u00e9rences&nbsp;:<\/p>\n\n\n\n<ul class=\"wp-block-list\">\n<li>30 ann\u00e9es de recul sur l\u2019\u00e9quipement autonome en eau et \u00e9lectricit\u00e9 de site isol\u00e9<\/li>\n\n\n\n<li>Professionnel dipl\u00f4m\u00e9 LicencePro INES-Universit\u00e9 de Savoie (73 Bourget du Lac) depuis 2010<\/li>\n\n\n\n<li>Responsable technique durant 3 ans d\u2019une entreprise sp\u00e9cialis\u00e9e en installations photovolta\u00efques (84 Lagnes)<\/li>\n\n\n\n<li>20 ann\u00e9es d\u2019exp\u00e9riences dans le traitement des eaux dans l\u2019industrie agroalimentaire<\/li>\n\n\n\n<li>Couvreur zingueur form\u00e9 et dipl\u00f4m\u00e9 par Les Compagnons du Tour de France (38 Echirolles)<\/li>\n\n\n\n<li>Habilitations \u00e9lectriques<\/li>\n\n\n\n<li>Habilitations Monteur, Contr\u00f4leur et Utilisateur d\u2019\u00e9chafaudage fixe<\/li>\n\n\n\n<li>Sauveteur secouriste aguerri avec 20 ann\u00e9es de volontariat en tant que pompier (84 Apt)<\/li>\n<\/ul>\n\n\n\n<figure class=\"wp-block-image size-large\"><img loading=\"lazy\" decoding=\"async\" width=\"1024\" height=\"1024\" src=\"http:\/\/www.ameliore-toit.fr\/wp-content\/uploads\/2023\/05\/logo-detoure-2-1024x1024.png\" alt=\"\" class=\"wp-image-63\" srcset=\"https:\/\/www.ameliore-toit.fr\/wp-content\/uploads\/2023\/05\/logo-detoure-2-1024x1024.png 1024w, https:\/\/www.ameliore-toit.fr\/wp-content\/uploads\/2023\/05\/logo-detoure-2-300x300.png 300w, https:\/\/www.ameliore-toit.fr\/wp-content\/uploads\/2023\/05\/logo-detoure-2-150x150.png 150w, https:\/\/www.ameliore-toit.fr\/wp-content\/uploads\/2023\/05\/logo-detoure-2-768x768.png 768w, https:\/\/www.ameliore-toit.fr\/wp-content\/uploads\/2023\/05\/logo-detoure-2-1536x1536.png 1536w, https:\/\/www.ameliore-toit.fr\/wp-content\/uploads\/2023\/05\/logo-detoure-2-2048x2048.png 2048w, https:\/\/www.ameliore-toit.fr\/wp-content\/uploads\/2023\/05\/logo-detoure-2-1200x1200.png 1200w, https:\/\/www.ameliore-toit.fr\/wp-content\/uploads\/2023\/05\/logo-detoure-2-1980x1980.png 1980w\" sizes=\"auto, (max-width: 1024px) 100vw, 1024px\" \/><\/figure>\n\n\n\n<p>Les \u00e9nergies renouvelables sont en plein essor, fortement m\u00e9diatis\u00e9es. Bien que nous nous r\u00e9jouissions de cette publicit\u00e9 et prise de conscience collective, nous d\u00e9plorons la profusion d\u2019annonces frauduleuses qui inondent les m\u00e9dias&nbsp;: Hypoth\u00e9tique gratuit\u00e9, rendements ubuesques, p\u00e9nuries diverses, tout cela est pr\u00e9judiciable aux clients comme aux professionnels int\u00e8gres. Mais que faire face aux outils de communication hyper attractifs d\u00e9ploy\u00e9s par de trop nombreux \u00e9co-d\u00e9linquants&nbsp;? Notre r\u00e9ponse est simple&nbsp;: Comparez notre offre avec d\u2019autres professionnels et parcourez des sites d\u2019informations officielles :<\/p>\n\n\n\n<ul class=\"wp-block-list\">\n<li><a href=\"https:\/\/www.photovoltaique.info\/fr\/\">Photovoltaique.info &#8211; Le Centre de Ressources Photovolta\u00efque<\/a><\/li>\n\n\n\n<li><a href=\"https:\/\/gppep.org\/\">Groupement des particuliers producteurs d&rsquo;\u00e9lectricit\u00e9 photovolta\u00efque \u2013 GPPEP<\/a><\/li>\n\n\n\n<li><a href=\"https:\/\/www.quechoisir.org\/\">Association de consommateurs &#8211; UFC-Que Choisir<\/a><\/li>\n<\/ul>\n\n\n\n<figure class=\"wp-block-image size-large\"><img loading=\"lazy\" decoding=\"async\" width=\"1024\" height=\"1024\" src=\"http:\/\/www.ameliore-toit.fr\/wp-content\/uploads\/2023\/05\/logo-detoure-2-1024x1024.png\" alt=\"\" class=\"wp-image-63\" srcset=\"https:\/\/www.ameliore-toit.fr\/wp-content\/uploads\/2023\/05\/logo-detoure-2-1024x1024.png 1024w, https:\/\/www.ameliore-toit.fr\/wp-content\/uploads\/2023\/05\/logo-detoure-2-300x300.png 300w, https:\/\/www.ameliore-toit.fr\/wp-content\/uploads\/2023\/05\/logo-detoure-2-150x150.png 150w, https:\/\/www.ameliore-toit.fr\/wp-content\/uploads\/2023\/05\/logo-detoure-2-768x768.png 768w, https:\/\/www.ameliore-toit.fr\/wp-content\/uploads\/2023\/05\/logo-detoure-2-1536x1536.png 1536w, https:\/\/www.ameliore-toit.fr\/wp-content\/uploads\/2023\/05\/logo-detoure-2-2048x2048.png 2048w, https:\/\/www.ameliore-toit.fr\/wp-content\/uploads\/2023\/05\/logo-detoure-2-1200x1200.png 1200w, https:\/\/www.ameliore-toit.fr\/wp-content\/uploads\/2023\/05\/logo-detoure-2-1980x1980.png 1980w\" sizes=\"auto, (max-width: 1024px) 100vw, 1024px\" \/><\/figure>\n\n\n\n<p>Derni\u00e8re pr\u00e9cision, nous apportons un soin particulier \u00e0 la gestion de nos d\u00e9chets.<\/p>\n\n\n\n<p>Sur les appareils d\u00e9fectueux, nous envisageons toujours une remise en \u00e9tat. Lorsque cela est impossible, ces appareils sont trait\u00e9s sur la fili\u00e8re de traitement pour les DEEE (d\u00e9chets d\u2019\u00e9quipements \u00e9lectriques et \u00e9lectroniques) ou sur des fili\u00e8res sp\u00e9cialis\u00e9es (<a href=\"https:\/\/www.soren.eco\/\">SOREN<\/a> pour les modules). Partisan du Z\u00e9ro D\u00e9chet, nous tentons de supprimer les emballages \u00e0 usage unique. Le cas \u00e9ch\u00e9ant, nous nous assurons de leur revalorisation via le tri s\u00e9lectif.<\/p>\n\n\n\n<p>AMELIORE TOIT esp\u00e8re avoir retenu votre attention pour r\u00e9aliser une nouvelle installation de r\u00e9f\u00e9rence chez vous, avec vous.<\/p>\n\n\n\n<p class=\"has-text-align-right\">Laurent GARCHERY<br>G\u00e9rant de la SAS AMELIORE TOIT.<\/p>\n","protected":false},"excerpt":{"rendered":"<p>AMELIORE TOIT est une soci\u00e9t\u00e9 proche de ses clients et porteuse d\u2019\u00e9thique. Elle tient \u00e0&nbsp;: Pr\u00e9sident fondateur de la soci\u00e9t\u00e9 AMELIORE TOIT, je dispose de nombreuses qualifications et r\u00e9f\u00e9rences&nbsp;: Les \u00e9nergies renouvelables sont en plein essor, fortement m\u00e9diatis\u00e9es. Bien que nous nous r\u00e9jouissions de cette publicit\u00e9 et prise de conscience collective, nous d\u00e9plorons la profusion [&hellip;]<\/p>\n","protected":false},"author":1,"featured_media":0,"parent":0,"menu_order":0,"comment_status":"closed","ping_status":"closed","template":"","meta":{"footnotes":""},"class_list":["post-47","page","type-page","status-publish","hentry"],"yoast_head":"<!-- This site is optimized with the Yoast SEO plugin v20.8 - https:\/\/yoast.com\/wordpress\/plugins\/seo\/ -->\n<title>Qui suis-je ? - Ameliore-toit<\/title>\n<meta name=\"robots\" content=\"index, follow, max-snippet:-1, max-image-preview:large, max-video-preview:-1\" \/>\n<link rel=\"canonical\" href=\"https:\/\/www.ameliore-toit.fr\/index.php\/qui-suis-je\/\" \/>\n<meta property=\"og:locale\" content=\"fr_FR\" \/>\n<meta property=\"og:type\" content=\"article\" \/>\n<meta property=\"og:title\" content=\"Qui suis-je ? - Ameliore-toit\" \/>\n<meta property=\"og:description\" content=\"AMELIORE TOIT est une soci\u00e9t\u00e9 proche de ses clients et porteuse d\u2019\u00e9thique. Elle tient \u00e0&nbsp;: Pr\u00e9sident fondateur de la soci\u00e9t\u00e9 AMELIORE TOIT, je dispose de nombreuses qualifications et r\u00e9f\u00e9rences&nbsp;: Les \u00e9nergies renouvelables sont en plein essor, fortement m\u00e9diatis\u00e9es. Bien que nous nous r\u00e9jouissions de cette publicit\u00e9 et prise de conscience collective, nous d\u00e9plorons la profusion [&hellip;]\" \/>\n<meta property=\"og:url\" content=\"https:\/\/www.ameliore-toit.fr\/index.php\/qui-suis-je\/\" \/>\n<meta property=\"og:site_name\" content=\"Ameliore-toit\" \/>\n<meta property=\"article:modified_time\" content=\"2023-05-26T12:56:35+00:00\" \/>\n<meta property=\"og:image\" content=\"http:\/\/www.ameliore-toit.fr\/wp-content\/uploads\/2023\/05\/logo-detoure-2-1024x1024.png\" \/>\n<meta name=\"twitter:card\" content=\"summary_large_image\" \/>\n<meta name=\"twitter:label1\" content=\"Dur\u00e9e de lecture estim\u00e9e\" \/>\n\t<meta name=\"twitter:data1\" content=\"2 minutes\" \/>\n<script type=\"application\/ld+json\" class=\"yoast-schema-graph\">{\"@context\":\"https:\/\/schema.org\",\"@graph\":[{\"@type\":\"WebPage\",\"@id\":\"https:\/\/www.ameliore-toit.fr\/index.php\/qui-suis-je\/\",\"url\":\"https:\/\/www.ameliore-toit.fr\/index.php\/qui-suis-je\/\",\"name\":\"Qui suis-je ? - Ameliore-toit\",\"isPartOf\":{\"@id\":\"https:\/\/www.ameliore-toit.fr\/#website\"},\"datePublished\":\"2023-05-19T09:01:08+00:00\",\"dateModified\":\"2023-05-26T12:56:35+00:00\",\"breadcrumb\":{\"@id\":\"https:\/\/www.ameliore-toit.fr\/index.php\/qui-suis-je\/#breadcrumb\"},\"inLanguage\":\"fr-FR\",\"potentialAction\":[{\"@type\":\"ReadAction\",\"target\":[\"https:\/\/www.ameliore-toit.fr\/index.php\/qui-suis-je\/\"]}]},{\"@type\":\"BreadcrumbList\",\"@id\":\"https:\/\/www.ameliore-toit.fr\/index.php\/qui-suis-je\/#breadcrumb\",\"itemListElement\":[{\"@type\":\"ListItem\",\"position\":1,\"name\":\"Accueil\",\"item\":\"https:\/\/www.ameliore-toit.fr\/\"},{\"@type\":\"ListItem\",\"position\":2,\"name\":\"Qui suis-je ?\"}]},{\"@type\":\"WebSite\",\"@id\":\"https:\/\/www.ameliore-toit.fr\/#website\",\"url\":\"https:\/\/www.ameliore-toit.fr\/\",\"name\":\"Ameliore-toit\",\"description\":\"Votre toiture devient une ressource\",\"publisher\":{\"@id\":\"https:\/\/www.ameliore-toit.fr\/#organization\"},\"potentialAction\":[{\"@type\":\"SearchAction\",\"target\":{\"@type\":\"EntryPoint\",\"urlTemplate\":\"https:\/\/www.ameliore-toit.fr\/?s={search_term_string}\"},\"query-input\":\"required name=search_term_string\"}],\"inLanguage\":\"fr-FR\"},{\"@type\":\"Organization\",\"@id\":\"https:\/\/www.ameliore-toit.fr\/#organization\",\"name\":\"Ameliore-toit\",\"url\":\"https:\/\/www.ameliore-toit.fr\/\",\"logo\":{\"@type\":\"ImageObject\",\"inLanguage\":\"fr-FR\",\"@id\":\"https:\/\/www.ameliore-toit.fr\/#\/schema\/logo\/image\/\",\"url\":\"https:\/\/www.ameliore-toit.fr\/wp-content\/uploads\/2023\/05\/cropped-logo-detoure.png\",\"contentUrl\":\"https:\/\/www.ameliore-toit.fr\/wp-content\/uploads\/2023\/05\/cropped-logo-detoure.png\",\"width\":2089,\"height\":1156,\"caption\":\"Ameliore-toit\"},\"image\":{\"@id\":\"https:\/\/www.ameliore-toit.fr\/#\/schema\/logo\/image\/\"}}]}<\/script>\n<!-- \/ Yoast SEO plugin. -->","yoast_head_json":{"title":"Qui suis-je ? - Ameliore-toit","robots":{"index":"index","follow":"follow","max-snippet":"max-snippet:-1","max-image-preview":"max-image-preview:large","max-video-preview":"max-video-preview:-1"},"canonical":"https:\/\/www.ameliore-toit.fr\/index.php\/qui-suis-je\/","og_locale":"fr_FR","og_type":"article","og_title":"Qui suis-je ? - Ameliore-toit","og_description":"AMELIORE TOIT est une soci\u00e9t\u00e9 proche de ses clients et porteuse d\u2019\u00e9thique. Elle tient \u00e0&nbsp;: Pr\u00e9sident fondateur de la soci\u00e9t\u00e9 AMELIORE TOIT, je dispose de nombreuses qualifications et r\u00e9f\u00e9rences&nbsp;: Les \u00e9nergies renouvelables sont en plein essor, fortement m\u00e9diatis\u00e9es. Bien que nous nous r\u00e9jouissions de cette publicit\u00e9 et prise de conscience collective, nous d\u00e9plorons la profusion [&hellip;]","og_url":"https:\/\/www.ameliore-toit.fr\/index.php\/qui-suis-je\/","og_site_name":"Ameliore-toit","article_modified_time":"2023-05-26T12:56:35+00:00","og_image":[{"url":"http:\/\/www.ameliore-toit.fr\/wp-content\/uploads\/2023\/05\/logo-detoure-2-1024x1024.png"}],"twitter_card":"summary_large_image","twitter_misc":{"Dur\u00e9e de lecture estim\u00e9e":"2 minutes"},"schema":{"@context":"https:\/\/schema.org","@graph":[{"@type":"WebPage","@id":"https:\/\/www.ameliore-toit.fr\/index.php\/qui-suis-je\/","url":"https:\/\/www.ameliore-toit.fr\/index.php\/qui-suis-je\/","name":"Qui suis-je ? - Ameliore-toit","isPartOf":{"@id":"https:\/\/www.ameliore-toit.fr\/#website"},"datePublished":"2023-05-19T09:01:08+00:00","dateModified":"2023-05-26T12:56:35+00:00","breadcrumb":{"@id":"https:\/\/www.ameliore-toit.fr\/index.php\/qui-suis-je\/#breadcrumb"},"inLanguage":"fr-FR","potentialAction":[{"@type":"ReadAction","target":["https:\/\/www.ameliore-toit.fr\/index.php\/qui-suis-je\/"]}]},{"@type":"BreadcrumbList","@id":"https:\/\/www.ameliore-toit.fr\/index.php\/qui-suis-je\/#breadcrumb","itemListElement":[{"@type":"ListItem","position":1,"name":"Accueil","item":"https:\/\/www.ameliore-toit.fr\/"},{"@type":"ListItem","position":2,"name":"Qui suis-je ?"}]},{"@type":"WebSite","@id":"https:\/\/www.ameliore-toit.fr\/#website","url":"https:\/\/www.ameliore-toit.fr\/","name":"Ameliore-toit","description":"Votre toiture devient une ressource","publisher":{"@id":"https:\/\/www.ameliore-toit.fr\/#organization"},"potentialAction":[{"@type":"SearchAction","target":{"@type":"EntryPoint","urlTemplate":"https:\/\/www.ameliore-toit.fr\/?s={search_term_string}"},"query-input":"required name=search_term_string"}],"inLanguage":"fr-FR"},{"@type":"Organization","@id":"https:\/\/www.ameliore-toit.fr\/#organization","name":"Ameliore-toit","url":"https:\/\/www.ameliore-toit.fr\/","logo":{"@type":"ImageObject","inLanguage":"fr-FR","@id":"https:\/\/www.ameliore-toit.fr\/#\/schema\/logo\/image\/","url":"https:\/\/www.ameliore-toit.fr\/wp-content\/uploads\/2023\/05\/cropped-logo-detoure.png","contentUrl":"https:\/\/www.ameliore-toit.fr\/wp-content\/uploads\/2023\/05\/cropped-logo-detoure.png","width":2089,"height":1156,"caption":"Ameliore-toit"},"image":{"@id":"https:\/\/www.ameliore-toit.fr\/#\/schema\/logo\/image\/"}}]}},"_links":{"self":[{"href":"https:\/\/www.ameliore-toit.fr\/index.php\/wp-json\/wp\/v2\/pages\/47","targetHints":{"allow":["GET"]}}],"collection":[{"href":"https:\/\/www.ameliore-toit.fr\/index.php\/wp-json\/wp\/v2\/pages"}],"about":[{"href":"https:\/\/www.ameliore-toit.fr\/index.php\/wp-json\/wp\/v2\/types\/page"}],"author":[{"embeddable":true,"href":"https:\/\/www.ameliore-toit.fr\/index.php\/wp-json\/wp\/v2\/users\/1"}],"replies":[{"embeddable":true,"href":"https:\/\/www.ameliore-toit.fr\/index.php\/wp-json\/wp\/v2\/comments?post=47"}],"version-history":[{"count":6,"href":"https:\/\/www.ameliore-toit.fr\/index.php\/wp-json\/wp\/v2\/pages\/47\/revisions"}],"predecessor-version":[{"id":120,"href":"https:\/\/www.ameliore-toit.fr\/index.php\/wp-json\/wp\/v2\/pages\/47\/revisions\/120"}],"wp:attachment":[{"href":"https:\/\/www.ameliore-toit.fr\/index.php\/wp-json\/wp\/v2\/media?parent=47"}],"curies":[{"name":"wp","href":"https:\/\/api.w.org\/{rel}","templated":true}]}}