{"id":157,"date":"2023-05-28T10:43:21","date_gmt":"2023-05-28T08:43:21","guid":{"rendered":"http:\/\/www.ameliore-toit.fr\/?page_id=157"},"modified":"2023-05-28T11:05:46","modified_gmt":"2023-05-28T09:05:46","slug":"ameliore-toit-vous-accueille","status":"publish","type":"page","link":"https:\/\/www.ameliore-toit.fr\/","title":{"rendered":"Ameliore toit vous accueille"},"content":{"rendered":"\n<p><strong>Installation solaire, \u00e9tanch\u00e9it\u00e9, ornement, r\u00e9paration,<\/strong> vous cherchez pour votre toiture un vrai sp\u00e9cialiste, form\u00e9, dipl\u00f4m\u00e9 et passionn\u00e9.<\/p>\n\n\n\n<div class=\"wp-block-cover alignfull\"><span aria-hidden=\"true\" class=\"wp-block-cover__background has-background-dim\"><\/span><img loading=\"lazy\" decoding=\"async\" width=\"2560\" height=\"1920\" class=\"wp-block-cover__image-background wp-image-86\" alt=\"\" src=\"http:\/\/www.ameliore-toit.fr\/wp-content\/uploads\/2023\/05\/IMG_20230111_121645-scaled.jpg\" data-object-fit=\"cover\" srcset=\"https:\/\/www.ameliore-toit.fr\/wp-content\/uploads\/2023\/05\/IMG_20230111_121645-scaled.jpg 2560w, https:\/\/www.ameliore-toit.fr\/wp-content\/uploads\/2023\/05\/IMG_20230111_121645-300x225.jpg 300w, https:\/\/www.ameliore-toit.fr\/wp-content\/uploads\/2023\/05\/IMG_20230111_121645-1024x768.jpg 1024w, https:\/\/www.ameliore-toit.fr\/wp-content\/uploads\/2023\/05\/IMG_20230111_121645-768x576.jpg 768w, https:\/\/www.ameliore-toit.fr\/wp-content\/uploads\/2023\/05\/IMG_20230111_121645-1536x1152.jpg 1536w, https:\/\/www.ameliore-toit.fr\/wp-content\/uploads\/2023\/05\/IMG_20230111_121645-2048x1536.jpg 2048w, https:\/\/www.ameliore-toit.fr\/wp-content\/uploads\/2023\/05\/IMG_20230111_121645-1200x900.jpg 1200w, https:\/\/www.ameliore-toit.fr\/wp-content\/uploads\/2023\/05\/IMG_20230111_121645-1980x1485.jpg 1980w\" sizes=\"auto, (max-width: 2560px) 100vw, 2560px\" \/><div class=\"wp-block-cover__inner-container is-layout-flow wp-block-cover-is-layout-flow\">\n<p class=\"has-text-align-center has-large-font-size\">Je suis votre interlocuteur unique<mark style=\"background-color:rgba(0, 0, 0, 0);color:#54a50e\" class=\"has-inline-color\"><strong> <\/strong><\/mark>pour vos projets clefs en main ou, <mark style=\"background-color:rgba(0, 0, 0, 0);color:#54a50e\" class=\"has-inline-color\"><strong>pour all\u00e9ger votre budget<\/strong><\/mark>, des prestations<br>\u00ab\u00a0\u00e0 la carte\u00a0\u00bb.<\/p>\n<\/div><\/div>\n\n\n\n<p>Profitez de l&rsquo;ensemble ou partie de mes comp\u00e9tences en fonction de vos besoins:<\/p>\n\n\n\n<ul class=\"wp-block-list\">\n<li>Prestation de <strong>services <\/strong>: \u00c9tude d&rsquo;opportunit\u00e9, dimensionnement, choix des mat\u00e9riels, d\u00e9marches administratives<\/li>\n\n\n\n<li>Du travail de <strong>couvreur zingueur<\/strong> : Savoir aborder tous types de couvertures, cr\u00e9er des fixations solides \u00e0 l&rsquo;\u00e9preuve des contraintes neige et vent, faire des p\u00e9n\u00e9trations durablement \u00e9tanches en zinc (les mastics se d\u00e9gradent avec le temps), d\u00e9coration<\/li>\n\n\n\n<li>Du travail d\u2019<strong>\u00e9lectricien <\/strong>: R\u00e9aliser des installations aux normes avec de l&rsquo;outillage sp\u00e9cialis\u00e9, d\u00e9ployer des syst\u00e8mes de communication et t\u00e9l\u00e9gestion d\u2019\u00e9nergie<\/li>\n<\/ul>\n\n\n\n<figure class=\"wp-block-image\"><img loading=\"lazy\" decoding=\"async\" width=\"2133\" height=\"1725\" src=\"http:\/\/www.ameliore-toit.fr\/wp-content\/uploads\/2023\/05\/logo-flyer.jpg\" alt=\"\" class=\"wp-image-160\" srcset=\"https:\/\/www.ameliore-toit.fr\/wp-content\/uploads\/2023\/05\/logo-flyer.jpg 2133w, https:\/\/www.ameliore-toit.fr\/wp-content\/uploads\/2023\/05\/logo-flyer-300x243.jpg 300w, https:\/\/www.ameliore-toit.fr\/wp-content\/uploads\/2023\/05\/logo-flyer-1024x828.jpg 1024w, https:\/\/www.ameliore-toit.fr\/wp-content\/uploads\/2023\/05\/logo-flyer-768x621.jpg 768w, https:\/\/www.ameliore-toit.fr\/wp-content\/uploads\/2023\/05\/logo-flyer-1536x1242.jpg 1536w, https:\/\/www.ameliore-toit.fr\/wp-content\/uploads\/2023\/05\/logo-flyer-2048x1656.jpg 2048w, https:\/\/www.ameliore-toit.fr\/wp-content\/uploads\/2023\/05\/logo-flyer-1200x970.jpg 1200w, https:\/\/www.ameliore-toit.fr\/wp-content\/uploads\/2023\/05\/logo-flyer-1980x1601.jpg 1980w\" sizes=\"auto, (max-width: 2133px) 100vw, 2133px\" \/><\/figure>\n","protected":false},"excerpt":{"rendered":"<p>Installation solaire, \u00e9tanch\u00e9it\u00e9, ornement, r\u00e9paration, vous cherchez pour votre toiture un vrai sp\u00e9cialiste, form\u00e9, dipl\u00f4m\u00e9 et passionn\u00e9. Profitez de l&rsquo;ensemble ou partie de mes comp\u00e9tences en fonction de vos besoins:<\/p>\n","protected":false},"author":1,"featured_media":0,"parent":0,"menu_order":0,"comment_status":"closed","ping_status":"closed","template":"","meta":{"footnotes":""},"class_list":["post-157","page","type-page","status-publish","hentry"],"yoast_head":"<!-- This site is optimized with the Yoast SEO plugin v20.8 - https:\/\/yoast.com\/wordpress\/plugins\/seo\/ -->\n<title>Ameliore toit vous accueille - Ameliore-toit<\/title>\n<meta name=\"robots\" content=\"index, follow, max-snippet:-1, max-image-preview:large, max-video-preview:-1\" \/>\n<link rel=\"canonical\" href=\"https:\/\/www.ameliore-toit.fr\/\" \/>\n<meta property=\"og:locale\" content=\"fr_FR\" \/>\n<meta property=\"og:type\" content=\"article\" \/>\n<meta property=\"og:title\" content=\"Ameliore toit vous accueille - Ameliore-toit\" \/>\n<meta property=\"og:description\" content=\"Installation solaire, \u00e9tanch\u00e9it\u00e9, ornement, r\u00e9paration, vous cherchez pour votre toiture un vrai sp\u00e9cialiste, form\u00e9, dipl\u00f4m\u00e9 et passionn\u00e9. Profitez de l&rsquo;ensemble ou partie de mes comp\u00e9tences en fonction de vos besoins:\" \/>\n<meta property=\"og:url\" content=\"https:\/\/www.ameliore-toit.fr\/\" \/>\n<meta property=\"og:site_name\" content=\"Ameliore-toit\" \/>\n<meta property=\"article:modified_time\" content=\"2023-05-28T09:05:46+00:00\" \/>\n<meta property=\"og:image\" content=\"http:\/\/www.ameliore-toit.fr\/wp-content\/uploads\/2023\/05\/IMG_20230111_121645-scaled.jpg\" \/>\n<meta name=\"twitter:card\" content=\"summary_large_image\" \/>\n<meta name=\"twitter:label1\" content=\"Dur\u00e9e de lecture estim\u00e9e\" \/>\n\t<meta name=\"twitter:data1\" content=\"2 minutes\" \/>\n<script type=\"application\/ld+json\" class=\"yoast-schema-graph\">{\"@context\":\"https:\/\/schema.org\",\"@graph\":[{\"@type\":\"WebPage\",\"@id\":\"https:\/\/www.ameliore-toit.fr\/\",\"url\":\"https:\/\/www.ameliore-toit.fr\/\",\"name\":\"Ameliore toit vous accueille - Ameliore-toit\",\"isPartOf\":{\"@id\":\"https:\/\/www.ameliore-toit.fr\/#website\"},\"datePublished\":\"2023-05-28T08:43:21+00:00\",\"dateModified\":\"2023-05-28T09:05:46+00:00\",\"breadcrumb\":{\"@id\":\"https:\/\/www.ameliore-toit.fr\/#breadcrumb\"},\"inLanguage\":\"fr-FR\",\"potentialAction\":[{\"@type\":\"ReadAction\",\"target\":[\"https:\/\/www.ameliore-toit.fr\/\"]}]},{\"@type\":\"BreadcrumbList\",\"@id\":\"https:\/\/www.ameliore-toit.fr\/#breadcrumb\",\"itemListElement\":[{\"@type\":\"ListItem\",\"position\":1,\"name\":\"Accueil\",\"item\":\"https:\/\/www.ameliore-toit.fr\/\"},{\"@type\":\"ListItem\",\"position\":2,\"name\":\"Ameliore toit vous accueille\"}]},{\"@type\":\"WebSite\",\"@id\":\"https:\/\/www.ameliore-toit.fr\/#website\",\"url\":\"https:\/\/www.ameliore-toit.fr\/\",\"name\":\"Ameliore-toit\",\"description\":\"Votre toiture devient une ressource\",\"publisher\":{\"@id\":\"https:\/\/www.ameliore-toit.fr\/#organization\"},\"potentialAction\":[{\"@type\":\"SearchAction\",\"target\":{\"@type\":\"EntryPoint\",\"urlTemplate\":\"https:\/\/www.ameliore-toit.fr\/?s={search_term_string}\"},\"query-input\":\"required name=search_term_string\"}],\"inLanguage\":\"fr-FR\"},{\"@type\":\"Organization\",\"@id\":\"https:\/\/www.ameliore-toit.fr\/#organization\",\"name\":\"Ameliore-toit\",\"url\":\"https:\/\/www.ameliore-toit.fr\/\",\"logo\":{\"@type\":\"ImageObject\",\"inLanguage\":\"fr-FR\",\"@id\":\"https:\/\/www.ameliore-toit.fr\/#\/schema\/logo\/image\/\",\"url\":\"https:\/\/www.ameliore-toit.fr\/wp-content\/uploads\/2023\/05\/cropped-logo-detoure.png\",\"contentUrl\":\"https:\/\/www.ameliore-toit.fr\/wp-content\/uploads\/2023\/05\/cropped-logo-detoure.png\",\"width\":2089,\"height\":1156,\"caption\":\"Ameliore-toit\"},\"image\":{\"@id\":\"https:\/\/www.ameliore-toit.fr\/#\/schema\/logo\/image\/\"}}]}<\/script>\n<!-- \/ Yoast SEO plugin. -->","yoast_head_json":{"title":"Ameliore toit vous accueille - Ameliore-toit","robots":{"index":"index","follow":"follow","max-snippet":"max-snippet:-1","max-image-preview":"max-image-preview:large","max-video-preview":"max-video-preview:-1"},"canonical":"https:\/\/www.ameliore-toit.fr\/","og_locale":"fr_FR","og_type":"article","og_title":"Ameliore toit vous accueille - Ameliore-toit","og_description":"Installation solaire, \u00e9tanch\u00e9it\u00e9, ornement, r\u00e9paration, vous cherchez pour votre toiture un vrai sp\u00e9cialiste, form\u00e9, dipl\u00f4m\u00e9 et passionn\u00e9. Profitez de l&rsquo;ensemble ou partie de mes comp\u00e9tences en fonction de vos besoins:","og_url":"https:\/\/www.ameliore-toit.fr\/","og_site_name":"Ameliore-toit","article_modified_time":"2023-05-28T09:05:46+00:00","og_image":[{"url":"http:\/\/www.ameliore-toit.fr\/wp-content\/uploads\/2023\/05\/IMG_20230111_121645-scaled.jpg"}],"twitter_card":"summary_large_image","twitter_misc":{"Dur\u00e9e de lecture estim\u00e9e":"2 minutes"},"schema":{"@context":"https:\/\/schema.org","@graph":[{"@type":"WebPage","@id":"https:\/\/www.ameliore-toit.fr\/","url":"https:\/\/www.ameliore-toit.fr\/","name":"Ameliore toit vous accueille - Ameliore-toit","isPartOf":{"@id":"https:\/\/www.ameliore-toit.fr\/#website"},"datePublished":"2023-05-28T08:43:21+00:00","dateModified":"2023-05-28T09:05:46+00:00","breadcrumb":{"@id":"https:\/\/www.ameliore-toit.fr\/#breadcrumb"},"inLanguage":"fr-FR","potentialAction":[{"@type":"ReadAction","target":["https:\/\/www.ameliore-toit.fr\/"]}]},{"@type":"BreadcrumbList","@id":"https:\/\/www.ameliore-toit.fr\/#breadcrumb","itemListElement":[{"@type":"ListItem","position":1,"name":"Accueil","item":"https:\/\/www.ameliore-toit.fr\/"},{"@type":"ListItem","position":2,"name":"Ameliore toit vous accueille"}]},{"@type":"WebSite","@id":"https:\/\/www.ameliore-toit.fr\/#website","url":"https:\/\/www.ameliore-toit.fr\/","name":"Ameliore-toit","description":"Votre toiture devient une ressource","publisher":{"@id":"https:\/\/www.ameliore-toit.fr\/#organization"},"potentialAction":[{"@type":"SearchAction","target":{"@type":"EntryPoint","urlTemplate":"https:\/\/www.ameliore-toit.fr\/?s={search_term_string}"},"query-input":"required name=search_term_string"}],"inLanguage":"fr-FR"},{"@type":"Organization","@id":"https:\/\/www.ameliore-toit.fr\/#organization","name":"Ameliore-toit","url":"https:\/\/www.ameliore-toit.fr\/","logo":{"@type":"ImageObject","inLanguage":"fr-FR","@id":"https:\/\/www.ameliore-toit.fr\/#\/schema\/logo\/image\/","url":"https:\/\/www.ameliore-toit.fr\/wp-content\/uploads\/2023\/05\/cropped-logo-detoure.png","contentUrl":"https:\/\/www.ameliore-toit.fr\/wp-content\/uploads\/2023\/05\/cropped-logo-detoure.png","width":2089,"height":1156,"caption":"Ameliore-toit"},"image":{"@id":"https:\/\/www.ameliore-toit.fr\/#\/schema\/logo\/image\/"}}]}},"_links":{"self":[{"href":"https:\/\/www.ameliore-toit.fr\/index.php\/wp-json\/wp\/v2\/pages\/157","targetHints":{"allow":["GET"]}}],"collection":[{"href":"https:\/\/www.ameliore-toit.fr\/index.php\/wp-json\/wp\/v2\/pages"}],"about":[{"href":"https:\/\/www.ameliore-toit.fr\/index.php\/wp-json\/wp\/v2\/types\/page"}],"author":[{"embeddable":true,"href":"https:\/\/www.ameliore-toit.fr\/index.php\/wp-json\/wp\/v2\/users\/1"}],"replies":[{"embeddable":true,"href":"https:\/\/www.ameliore-toit.fr\/index.php\/wp-json\/wp\/v2\/comments?post=157"}],"version-history":[{"count":7,"href":"https:\/\/www.ameliore-toit.fr\/index.php\/wp-json\/wp\/v2\/pages\/157\/revisions"}],"predecessor-version":[{"id":174,"href":"https:\/\/www.ameliore-toit.fr\/index.php\/wp-json\/wp\/v2\/pages\/157\/revisions\/174"}],"wp:attachment":[{"href":"https:\/\/www.ameliore-toit.fr\/index.php\/wp-json\/wp\/v2\/media?parent=157"}],"curies":[{"name":"wp","href":"https:\/\/api.w.org\/{rel}","templated":true}]}}